{"id":2884,"date":"2025-05-12T08:34:30","date_gmt":"2025-05-12T06:34:30","guid":{"rendered":"https:\/\/sibenikdancefestival.com\/privacy-policy\/"},"modified":"2026-05-08T22:17:46","modified_gmt":"2026-05-08T20:17:46","slug":"privacy-policy","status":"publish","type":"page","link":"https:\/\/sibenikdancefestival.com\/hr\/privacy-policy\/","title":{"rendered":"Privacy Policy"},"content":{"rendered":"\t\t<div data-elementor-type=\"wp-page\" data-elementor-id=\"2884\" class=\"elementor elementor-2884 elementor-676\">\n\t\t\t\t<div class=\"wd-negative-gap elementor-element elementor-element-a6dd8b5 wd-section-stretch-content color-scheme-light e-flex e-con-boxed e-con e-parent\" data-id=\"a6dd8b5\" data-element_type=\"container\" data-e-type=\"container\" data-settings=\"{&quot;background_background&quot;:&quot;classic&quot;}\">\n\t\t\t\t\t<div class=\"e-con-inner\">\n\t\t<div class=\"elementor-element elementor-element-6b6d37f e-con-full e-flex e-con e-child\" data-id=\"6b6d37f\" data-element_type=\"container\" data-e-type=\"container\">\n\t\t<div class=\"elementor-element elementor-element-20d9f9e e-con-full e-flex e-con e-child\" data-id=\"20d9f9e\" data-element_type=\"container\" data-e-type=\"container\">\n\t\t\t\t<div class=\"elementor-element elementor-element-5ae78a8 wd-width-100 elementor-widget elementor-widget-wd_title\" data-id=\"5ae78a8\" data-element_type=\"widget\" data-e-type=\"widget\" data-widget_type=\"wd_title.default\">\n\t\t\t\t<div class=\"elementor-widget-container\">\n\t\t\t\t\t\t\t<div class=\"title-wrapper wd-set-mb reset-last-child wd-title-color-default wd-title-style-default wd-title-size-extra-large text-center\">\n\n\t\t\t\n\t\t\t<div class=\"liner-continer\">\n\t\t\t\t<h4 class=\"woodmart-title-container title wd-fontsize-xxxl\">Politika privatnosti<\/h4> \n\t\t\t\t\t\t\t<\/div>\n\n\t\t\t\t\t<\/div>\n\t\t\t\t\t\t<\/div>\n\t\t\t\t<\/div>\n\t\t\t\t<\/div>\n\t\t\t\t<\/div>\n\t\t\t\t\t<\/div>\n\t\t\t\t<\/div>\n\t\t<div class=\"wd-negative-gap elementor-element elementor-element-52375e3 wd-section-stretch color-scheme-light e-flex e-con-boxed e-con e-parent\" data-id=\"52375e3\" data-element_type=\"container\" data-e-type=\"container\" data-settings=\"{&quot;background_background&quot;:&quot;gradient&quot;}\">\n\t\t\t\t\t<div class=\"e-con-inner\">\n\t\t<div class=\"elementor-element elementor-element-231a28f e-con-full e-flex e-con e-child\" data-id=\"231a28f\" data-element_type=\"container\" data-e-type=\"container\">\n\t\t\t\t<div class=\"elementor-element elementor-element-f1d3674 color-scheme-inherit text-left elementor-widget elementor-widget-text-editor\" data-id=\"f1d3674\" data-element_type=\"widget\" data-e-type=\"widget\" data-widget_type=\"text-editor.default\">\n\t\t\t\t<div class=\"elementor-widget-container\">\n\t\t\t\t\t\t\t\t\t<div data-test-render-count=\"1\"><div class=\"group\"><div class=\"contents\"><div class=\"group relative relative pb-3\" data-is-streaming=\"false\"><div class=\"font-claude-response relative leading-[1.65rem] [&amp;_pre&gt;div]:bg-bg-000\/50 [&amp;_pre&gt;div]:border-0.5 [&amp;_pre&gt;div]:border-border-400 [&amp;_.ignore-pre-bg&gt;div]:bg-transparent [&amp;_.standard-markdown_:is(p,blockquote,h1,h2,h3,h4,h5,h6)]:pl-2 [&amp;_.standard-markdown_:is(p,blockquote,ul,ol,h1,h2,h3,h4,h5,h6)]:pr-8 [&amp;_.progressive-markdown_:is(p,blockquote,h1,h2,h3,h4,h5,h6)]:pl-2 [&amp;_.progressive-markdown_:is(p,blockquote,ul,ol,h1,h2,h3,h4,h5,h6)]:pr-8\"><div><div class=\"standard-markdown grid-cols-1 grid [&amp;_&gt;_*]:min-w-0 gap-3 standard-markdown\"><h3>1.Uvod<\/h3><p>Ova Politika privatnosti obja\u0161njava kako prikupljamo, koristimo i \u0161titimo va\u0161e osobne podatke kada posje\u0107ujete web stranicu \u0160ibenskog festivala plesa.<\/p><h3>2.Podaci koje prikupljamo<\/h3><p>Ne prikupljamo osobne podatke posjetitelja. Jedini podaci koji se prikupljaju su putem standardnih Google kola\u010di\u0107a koji se koriste za analitiku i pra\u0107enje performansi web stranice.<\/p><h3>3.Kola\u010di\u0107i i tehnologije pra\u0107enja<\/h3><p>Koristimo Google kola\u010di\u0107e kako bismo unaprijedili korisni\u010dko iskustvo i analizirali promet na web stranici. Ovi kola\u010di\u0107i mogu prikupljati anonimizirane podatke kao \u0161to su vrsta ure\u0111aja, pona\u0161anje pri pregledavanju i pribli\u017ena lokacija. Postavkama kola\u010di\u0107a mo\u017eete upravljati u postavkama va\u0161eg preglednika. Za vi\u0161e pojedinosti o Googleovoj politici kola\u010di\u0107a posjetite: <em>Googleova politika kola\u010di\u0107a.<\/em><\/p><h3>4.Usluge tre\u0107ih strana<\/h3><p>Jedina usluga tre\u0107e strane koju koristimo je Eventim (<a class=\"underline underline underline-offset-2 decoration-1 decoration-current\/40 hover:decoration-current focus:decoration-current\" href=\"https:\/\/www.eventim.hr\/\">https:\/\/www.eventim.hr\/<\/a>) za prodaju ulaznica. Svim osobnim podacima dostavljenim prilikom kupnje ulaznica upravlja Eventim prema vlastitim politikama privatnosti.<\/p><h3>5.Sigurnost podataka<\/h3><p>Ne pohranjujemo ni ne obra\u0111ujemo osobne podatke izravno. Na\u0161a web stranica primjenjuje sigurnosne mjere za\u0161tite od neovla\u0161tenog pristupa ili zlouporabe.<\/p><h3>6.Kontakt informacije<\/h3><p>Za sve upite vezane uz privatnost mo\u017eete nas kontaktirati na: \u0160ibenski festival plesa \u2014 Plesni teatar SJENE, Zdravka Bege 21, 22000 \u0160ibenik, Hrvatska OIB: 10336780488 T: +385 91 893 6193 E: <a class=\"underline underline underline-offset-2 decoration-1 decoration-current\/40 hover:decoration-current focus:decoration-current\" href=\"mailto:info@sibenikdancefestival.com\">info@sibenikdancefestival.com<\/a> \/ <a class=\"underline underline underline-offset-2 decoration-1 decoration-current\/40 hover:decoration-current focus:decoration-current\" href=\"mailto:info@sjene.hr\">info@sjene.hr<\/a><\/p><h3>7.Izmjene politike<\/h3><p>Zadr\u017eavamo pravo a\u017euriranja ove Politike privatnosti. Sve izmjene bit \u0107e objavljene na ovoj stranici, a nastavak kori\u0161tenja na\u0161e web stranice podrazumijeva prihva\u0107anje tih izmjena.<\/p><\/div><\/div><\/div><\/div><\/div><div class=\"flex justify-start\" role=\"group\" aria-label=\"Message actions\"><div class=\"text-text-300\"><div class=\"text-text-300 flex items-stretch justify-between\"><div class=\"w-fit\" data-state=\"closed\">\u00a0<\/div><\/div><\/div><\/div><\/div><\/div>\t\t\t\t\t\t\t\t<\/div>\n\t\t\t\t<\/div>\n\t\t\t\t<\/div>\n\t\t\t\t\t<\/div>\n\t\t\t\t<\/div>\n\t\t\t\t<\/div>\n\t\t","protected":false},"excerpt":{"rendered":"<p>Politika privatnosti 1.Uvod Ova Politika privatnosti obja\u0161njava kako prikupljamo, koristimo i \u0161titimo va\u0161e osobne podatke kada posje\u0107ujete web stranicu \u0160ibenskog<\/p>\n","protected":false},"author":1,"featured_media":0,"parent":0,"menu_order":0,"comment_status":"closed","ping_status":"closed","template":"","meta":{"footnotes":""},"class_list":["post-2884","page","type-page","status-publish","hentry"],"_links":{"self":[{"href":"https:\/\/sibenikdancefestival.com\/hr\/wp-json\/wp\/v2\/pages\/2884","targetHints":{"allow":["GET"]}}],"collection":[{"href":"https:\/\/sibenikdancefestival.com\/hr\/wp-json\/wp\/v2\/pages"}],"about":[{"href":"https:\/\/sibenikdancefestival.com\/hr\/wp-json\/wp\/v2\/types\/page"}],"author":[{"embeddable":true,"href":"https:\/\/sibenikdancefestival.com\/hr\/wp-json\/wp\/v2\/users\/1"}],"replies":[{"embeddable":true,"href":"https:\/\/sibenikdancefestival.com\/hr\/wp-json\/wp\/v2\/comments?post=2884"}],"version-history":[{"count":3,"href":"https:\/\/sibenikdancefestival.com\/hr\/wp-json\/wp\/v2\/pages\/2884\/revisions"}],"predecessor-version":[{"id":3390,"href":"https:\/\/sibenikdancefestival.com\/hr\/wp-json\/wp\/v2\/pages\/2884\/revisions\/3390"}],"wp:attachment":[{"href":"https:\/\/sibenikdancefestival.com\/hr\/wp-json\/wp\/v2\/media?parent=2884"}],"curies":[{"name":"wp","href":"https:\/\/api.w.org\/{rel}","templated":true}]}}