{"id":2885,"date":"2025-05-12T08:31:31","date_gmt":"2025-05-12T06:31:31","guid":{"rendered":"https:\/\/sibenikdancefestival.com\/term-of-use\/"},"modified":"2026-05-08T22:14:32","modified_gmt":"2026-05-08T20:14:32","slug":"term-of-use","status":"publish","type":"page","link":"https:\/\/sibenikdancefestival.com\/hr\/term-of-use\/","title":{"rendered":"Term of Use"},"content":{"rendered":"\t\t<div data-elementor-type=\"wp-page\" data-elementor-id=\"2885\" class=\"elementor elementor-2885 elementor-665\">\n\t\t\t\t<div class=\"wd-negative-gap elementor-element elementor-element-a6dd8b5 wd-section-stretch-content color-scheme-light e-flex e-con-boxed e-con e-parent\" data-id=\"a6dd8b5\" data-element_type=\"container\" data-e-type=\"container\" data-settings=\"{&quot;background_background&quot;:&quot;classic&quot;}\">\n\t\t\t\t\t<div class=\"e-con-inner\">\n\t\t<div class=\"elementor-element elementor-element-6b6d37f e-con-full e-flex e-con e-child\" data-id=\"6b6d37f\" data-element_type=\"container\" data-e-type=\"container\">\n\t\t<div class=\"elementor-element elementor-element-20d9f9e e-con-full e-flex e-con e-child\" data-id=\"20d9f9e\" data-element_type=\"container\" data-e-type=\"container\">\n\t\t\t\t<div class=\"elementor-element elementor-element-5ae78a8 wd-width-100 elementor-widget elementor-widget-wd_title\" data-id=\"5ae78a8\" data-element_type=\"widget\" data-e-type=\"widget\" data-widget_type=\"wd_title.default\">\n\t\t\t\t<div class=\"elementor-widget-container\">\n\t\t\t\t\t\t\t<div class=\"title-wrapper wd-set-mb reset-last-child wd-title-color-default wd-title-style-default wd-title-size-extra-large text-center\">\n\n\t\t\t\n\t\t\t<div class=\"liner-continer\">\n\t\t\t\t<h4 class=\"woodmart-title-container title wd-fontsize-xxxl\">Uvjeti kori\u0161tenja<\/h4> \n\t\t\t\t\t\t\t<\/div>\n\n\t\t\t\t\t<\/div>\n\t\t\t\t\t\t<\/div>\n\t\t\t\t<\/div>\n\t\t\t\t<\/div>\n\t\t\t\t<\/div>\n\t\t\t\t\t<\/div>\n\t\t\t\t<\/div>\n\t\t<div class=\"wd-negative-gap elementor-element elementor-element-52375e3 wd-section-stretch color-scheme-light e-flex e-con-boxed e-con e-parent\" data-id=\"52375e3\" data-element_type=\"container\" data-e-type=\"container\" data-settings=\"{&quot;background_background&quot;:&quot;gradient&quot;}\">\n\t\t\t\t\t<div class=\"e-con-inner\">\n\t\t<div class=\"elementor-element elementor-element-231a28f e-con-full e-flex e-con e-child\" data-id=\"231a28f\" data-element_type=\"container\" data-e-type=\"container\">\n\t\t\t\t<div class=\"elementor-element elementor-element-f1d3674 color-scheme-inherit text-left elementor-widget elementor-widget-text-editor\" data-id=\"f1d3674\" data-element_type=\"widget\" data-e-type=\"widget\" data-widget_type=\"text-editor.default\">\n\t\t\t\t<div class=\"elementor-widget-container\">\n\t\t\t\t\t\t\t\t\t<h3>1.Uvod<\/h3><p>Dobrodo\u0161li na slu\u017ebenu web stranicu \u0160ibenskog festivala plesa (\u201emi&#8221;, \u201ena\u0161&#8221;, \u201enas&#8221;). Pristupom ili kori\u0161tenjem na\u0161e web stranice pristajete na po\u0161tivanje ovih Uvjeta kori\u0161tenja. Ako se ne sla\u017eete, molimo vas da se suzdr\u017eite od kori\u0161tenja na\u0161e web stranice.<\/p><h3>2. Intelektualno vlasni\u0161tvo<\/h3><p>Sav sadr\u017eaj na ovoj web stranici, uklju\u010duju\u0107i tekstove, slike i logotipe, vlasni\u0161tvo je \u0160ibenskog festivala plesa ili njegovih partnera i za\u0161ti\u0107en je zakonima o autorskim pravima. Neovla\u0161tena upotreba, reprodukcija ili distribucija bilo kojeg sadr\u017eaja strogo je zabranjena.<\/p><h3>3. Kupnja ulaznica<\/h3><p>Prodaja ulaznica za festivalske doga\u0111aje odvija se isklju\u010divo putem na\u0161eg partnera, Eventima (<a class=\"underline underline underline-offset-2 decoration-1 decoration-current\/40 hover:decoration-current focus:decoration-current\" href=\"https:\/\/www.eventim.hr\/\">https:\/\/www.eventim.hr\/<\/a>). Mi ne obra\u0111ujemo pla\u0107anja niti prikupljamo financijske podatke izravno. Za kupnju ulaznica molimo pogledajte Eventimove uvjete i odredbe.<\/p><h3>4. Kori\u0161tenje web stranice<\/h3><p>Pristajete koristiti ovu web stranicu isklju\u010divo u zakonite svrhe i na na\u010din koji ne kr\u0161i prava drugih niti ograni\u010dava kori\u0161tenje ove web stranice ostalim posjetiteljima.<\/p><h3>5. Odgovornost<\/h3><p>Nastojimo pru\u017eiti to\u010dne i a\u017eurne informacije, ali ne jam\u010dimo potpunost, pouzdanost ni to\u010dnost sadr\u017eaja. Ne snosimo odgovornost za izravne ili neizravne \u0161tete nastale kori\u0161tenjem na\u0161e web stranice.<\/p><h3>6. Eksterne poveznice<\/h3><p>Na\u0161a web stranica mo\u017ee sadr\u017eavati poveznice na web stranice tre\u0107ih strana, uklju\u010duju\u0107i Eventim. Ne snosimo odgovornost za sadr\u017eaj, politike privatnosti ni prakse vanjskih stranica.<\/p><h3>7. Izmjene uvjeta<\/h3><p>Zadr\u017eavamo pravo izmjene ovih Uvjeta kori\u0161tenja u bilo kojem trenutku. Izmjene stupaju na snagu odmah po objavi na web stranici. Nastavak kori\u0161tenja web stranice podrazumijeva prihva\u0107anje a\u017euriranih uvjeta.<\/p>\t\t\t\t\t\t\t\t<\/div>\n\t\t\t\t<\/div>\n\t\t\t\t<\/div>\n\t\t\t\t\t<\/div>\n\t\t\t\t<\/div>\n\t\t\t\t<\/div>\n\t\t","protected":false},"excerpt":{"rendered":"<p>Uvjeti kori\u0161tenja 1.Uvod Dobrodo\u0161li na slu\u017ebenu web stranicu \u0160ibenskog festivala plesa (\u201emi&#8221;, \u201ena\u0161&#8221;, \u201enas&#8221;). Pristupom ili kori\u0161tenjem na\u0161e web stranice<\/p>\n","protected":false},"author":1,"featured_media":0,"parent":0,"menu_order":0,"comment_status":"closed","ping_status":"closed","template":"","meta":{"footnotes":""},"class_list":["post-2885","page","type-page","status-publish","hentry"],"_links":{"self":[{"href":"https:\/\/sibenikdancefestival.com\/hr\/wp-json\/wp\/v2\/pages\/2885","targetHints":{"allow":["GET"]}}],"collection":[{"href":"https:\/\/sibenikdancefestival.com\/hr\/wp-json\/wp\/v2\/pages"}],"about":[{"href":"https:\/\/sibenikdancefestival.com\/hr\/wp-json\/wp\/v2\/types\/page"}],"author":[{"embeddable":true,"href":"https:\/\/sibenikdancefestival.com\/hr\/wp-json\/wp\/v2\/users\/1"}],"replies":[{"embeddable":true,"href":"https:\/\/sibenikdancefestival.com\/hr\/wp-json\/wp\/v2\/comments?post=2885"}],"version-history":[{"count":3,"href":"https:\/\/sibenikdancefestival.com\/hr\/wp-json\/wp\/v2\/pages\/2885\/revisions"}],"predecessor-version":[{"id":3385,"href":"https:\/\/sibenikdancefestival.com\/hr\/wp-json\/wp\/v2\/pages\/2885\/revisions\/3385"}],"wp:attachment":[{"href":"https:\/\/sibenikdancefestival.com\/hr\/wp-json\/wp\/v2\/media?parent=2885"}],"curies":[{"name":"wp","href":"https:\/\/api.w.org\/{rel}","templated":true}]}}